{"id":37,"date":"2016-09-11T10:40:17","date_gmt":"2016-09-11T08:40:17","guid":{"rendered":"http:\/\/www.guidofriedrich.at\/relneu\/?page_id=37"},"modified":"2025-12-21T22:48:59","modified_gmt":"2025-12-21T21:48:59","slug":"vita","status":"publish","type":"page","link":"https:\/\/www.guidofriedrich.at\/relneu\/vita\/","title":{"rendered":"VITA"},"content":{"rendered":"<p style=\"text-align: justify;\">Geboren am 2. August 1989 in Wien, habe ich nach insgesamt zw\u00f6lf Schuljahren im Herbst 2008 fr\u00fchzeitig den Weg zum Sportjour<span class=\"text_exposed_show\">nalismus gefunden.\u00a0<\/span>Als Videoredakteur bei der Internetplattform LAOLA1.tv stehe ich mit dem Sport st\u00e4ndig in Verbindung und kann somit Hobby und Beruf perfekt kombinieren.<\/p>\n<p style=\"text-align: justify;\">Dem ersten LIVE-Kommentar im Dezember 2008, folgte ein erfolgreiches Premierenjahr in der Medienbranche und 2009 ein Kurz-Engagement bei Sat.1 \u00d6sterreich. Im April 2010 erhielt ich die M\u00f6glichkeit die Moderation der El Clasico-LIVE-Sendung zu \u00fcbernehmen. Als Studio-Experte stand Toni Polster Rede und Antwort. Noch im selben Fr\u00fchjahr kommentierte ich bei ServusTV die Playoffs der Erste Bank Eishockey Liga 2010\/2011. H\u00f6hepunkte waren dabei eindeutig die im Viertelfinale und Halbfinale ausgestrahlten Konferenzschaltungen.<\/p>\n<p style=\"text-align: center;\"><img loading=\"lazy\" decoding=\"async\" class=\"alignnone wp-image-1701\" src=\"https:\/\/www.guidofriedrich.at\/relneu\/wp-content\/uploads\/Mikro-2021.png\" alt=\"\" width=\"650\" height=\"366\" srcset=\"https:\/\/www.guidofriedrich.at\/relneu\/wp-content\/uploads\/Mikro-2021.png 3840w, https:\/\/www.guidofriedrich.at\/relneu\/wp-content\/uploads\/Mikro-2021-300x169.png 300w, https:\/\/www.guidofriedrich.at\/relneu\/wp-content\/uploads\/Mikro-2021-1024x576.png 1024w, https:\/\/www.guidofriedrich.at\/relneu\/wp-content\/uploads\/Mikro-2021-768x432.png 768w, https:\/\/www.guidofriedrich.at\/relneu\/wp-content\/uploads\/Mikro-2021-1536x864.png 1536w, https:\/\/www.guidofriedrich.at\/relneu\/wp-content\/uploads\/Mikro-2021-2048x1152.png 2048w\" sizes=\"auto, (max-width: 650px) 100vw, 650px\" \/><\/p>\n<h4 style=\"text-align: center;\">&#8222;Bereits als Kind habe ich Fu\u00dfball-Spiele mitkommentiert.&#8220;<\/h4>\n<p>Mit der Einberufung ins UEFA Champions League Team von Puls4 gelang mir im Herbst 2012 ein weiterer Karriere Meilenstein. Highlights f\u00fcr die CL-Show und ein Fieldreporter-Einsatz in Turin rundeten ein spannendes Sportjahr ab. In den Saisonen 2013 &amp; 2014 begleitete ich am Mikro au\u00dferdem die Finalserien der EBEL-Playoffs. In Erinnerung wird mir hier nat\u00fcrlich immer der KAC-Sweep im Finale gegen die Capitals bleiben. Es hat einfach etwas Spezielles das letzte Spiel der Saison zu kommentieren! 2015 feierte ich dann zwei weitere Premieren. Einerseits hatte ich das Vergn\u00fcgen beim Landesligisten Kremser SC im Titelfinish die Funktion des Stadionsprechers zu \u00fcbernehmen und andererseits mit Puls4 in ein weiteres spannendes Projekt zu starten. Die UEFA Europa League!<\/p>\n<p style=\"text-align: justify;\">Seit 1. August 2016 bin ich f\u00fcr den PayTV-Sender Sky t\u00e4tig. Mein Live-Deb\u00fct feierte ich dort am 12. August in der SkyGo Erste Liga Konferenz mit dem Spiel FC Liefering gegen FAC. Wenig sp\u00e4ter folgte bereits der erste Bundesliga Live-Kommentar vor Ort plus die \u00dcbertragung des\u00a0EBEL-Saisonauftakts 2016\/2017. Im Fr\u00fchjahr \u00fcbernahm ich in weiterer Folge das Projekt &#8222;Erste Bank Eishockey Liga&#8220; bei Sky und damit auch die Position des sogenannten &#8222;Anchors&#8220;. \u00dcber vier Jahre hinweg moderierte ich regelm\u00e4\u00dfig die Eishockey-Sendungen auf Sky Sport Austria HD &#8211; gemeinsam mit dem Experten-Quartett Bernd Br\u00fcckler, Gregor Baumgartner, Florian Iberer &amp; Gary Venner. Im Sommer 2018 begann ich au\u00dferdem auch ausgew\u00e4hlte ATP-Turniere wie die Generali Open &amp; die Erste Bank Open mit Ex-Tennisprofi Julian Knowle zu \u00fcbertragen. Mittlerweile ist der Tennissport zu einem fixen Bestandteil meines Portfolios geworden.<\/p>\n<p style=\"text-align: center;\"><iframe loading=\"lazy\" id=\"blubrryplayer-2\" class=\"blubrryplayer\" title=\"Blubrry Podcast Player\" src=\"https:\/\/player.blubrry.com\/?media_url=https%3A%2F%2Fmedia.blubrry.com%2Fkaffeehaustalk%2Fcontent.blubrry.com%2Fkaffeehaustalk%2FKaffeehausTALK_045_GuidoFriedrich.mp3&amp;podcast_link=https%3A%2F%2Fwww.kaffeehaustalk.com%2F045-guido-friedrich%2F&amp;artwork_url=https%3A%2F%2Fwww.kaffeehaustalk.com%2Fwp-content%2Fuploads%2F2022%2F04%2FKHT_Share_045_1400x1400.jpg#darkOrLight-dark&amp;shownotes-27282d&amp;shownotesBackground-dfba69&amp;download-27282d&amp;downloadBackground-dfba69&amp;subscribe-27282d&amp;subscribeBackground-dfba69&amp;share-27282d&amp;shareBackground-dfba69\" width=\"100%\" height=\"138px\" frameborder=\"0\" scrolling=\"no\" data-mce-fragment=\"1\"><\/iframe><strong><br \/>\nDer KaffeehausTALK mit Simon Charamza &amp; Lorenz Kirchschlager.<\/strong><\/p>\n<p style=\"text-align: justify;\">Zu diesem Portfolio z\u00e4hlte eben auch elf Jahre lang der Eishockeysport. Von 2010 bis 2021 durfte ich die Erste Bank Eishockey Liga bzw. bet-at-home ICE Hockey League begleiten. Eine wundersch\u00f6ne und sehr lehrreiche Zeit, auf die ich noch lange zur\u00fcckblicken werde. Mit dem vorl\u00e4ufigen Abschied aus der Eishockey-Szene, begann im Sommer 2021 gleichzeitig meine pers\u00f6nliche Neuausrichtung bei Sky. Durch den Erwerb der Fu\u00dfballrechte der UEFA Champions League, Europa League &amp; Conference League ergab sich diese praktisch von selbst. Mein neuer Weg war der Fu\u00dfball! Besondere Highlights dabei waren die ersten Stadion-Eins\u00e4tze &#8211; speziell in der UEFA Champions League. Auf meine Premiere in der K\u00f6nigsklasse in Lissabon im November 2021, folgten unvergessliche Reisen durch Europa. In die gr\u00f6\u00dften Stadien zu den prestigetr\u00e4chtigsten Klubs!<\/p>\n<p style=\"text-align: center;\"><img loading=\"lazy\" decoding=\"async\" class=\"size-full wp-image-3135 aligncenter\" src=\"https:\/\/www.guidofriedrich.at\/relneu\/wp-content\/uploads\/CL-Reisen-Vita.png\" alt=\"\" width=\"650\" height=\"595\" srcset=\"https:\/\/www.guidofriedrich.at\/relneu\/wp-content\/uploads\/CL-Reisen-Vita.png 650w, https:\/\/www.guidofriedrich.at\/relneu\/wp-content\/uploads\/CL-Reisen-Vita-300x275.png 300w\" sizes=\"auto, (max-width: 650px) 100vw, 650px\" \/><strong>Direkt auf der &#8222;Gelben Wand&#8220; im beeindruckenden Signal Iduna Park in Dortmund.<\/strong><\/p>\n<p style=\"text-align: justify;\">In diese spannende Phase hinein, erweiterte ein zus\u00e4tzliches Projekt meinen Erfahrungsschatz in der TV-Branche. Denn f\u00fcr eine Saison durfte ich das w\u00f6chentliche Magazin &#8222;Dein Verein&#8220; unterst\u00fctzen, das mir die ersten Moderationen bei Sky im Bereich Fu\u00dfball erm\u00f6glichen sollte. Dar\u00fcberhinaus bekam ich die Chance &#8211; ab der Spielzeit 2024\/2025 &#8211; \u00a0mit Talk &amp; Tore meine Position als Moderator bei Sky \u00d6sterreich zu festigen. Die w\u00f6chentliche Talkshow ist seit Jahrzehnten ein Fixpunkt auf Sky und es erf\u00fcllt mich mit gro\u00dfer Freude, Teil des Moderations-Teams zu sein.<\/p>\n<p style=\"text-align: justify;\">Im kommenden Sommer feiere ich dann mein 10-j\u00e4hriges Jubil\u00e4um beim gr\u00f6\u00dften Fu\u00dfballsender von \u00d6sterreich. Und mit dem Erwerb der Bundesliga-Rechte bis 2030, werden wohl noch viele weitere spannende Saisonen bei Sky Sport \u00d6sterreich folgen.<\/p>\n<p>&nbsp;<\/p>\n","protected":false},"excerpt":{"rendered":"<p>Geboren am 2. August 1989 in Wien, habe ich nach insgesamt zw\u00f6lf Schuljahren im Herbst 2008 fr\u00fchzeitig den Weg zum Sportjournalismus gefunden.\u00a0Als Videoredakteur bei der Internetplattform LAOLA1.tv stehe ich mit dem Sport st\u00e4ndig in Verbindung und kann somit Hobby und [&hellip;]<\/p>\n","protected":false},"author":1,"featured_media":0,"parent":0,"menu_order":0,"comment_status":"closed","ping_status":"closed","template":"","meta":{"footnotes":""},"class_list":["post-37","page","type-page","status-publish","hentry"],"_links":{"self":[{"href":"https:\/\/www.guidofriedrich.at\/relneu\/wp-json\/wp\/v2\/pages\/37","targetHints":{"allow":["GET"]}}],"collection":[{"href":"https:\/\/www.guidofriedrich.at\/relneu\/wp-json\/wp\/v2\/pages"}],"about":[{"href":"https:\/\/www.guidofriedrich.at\/relneu\/wp-json\/wp\/v2\/types\/page"}],"author":[{"embeddable":true,"href":"https:\/\/www.guidofriedrich.at\/relneu\/wp-json\/wp\/v2\/users\/1"}],"replies":[{"embeddable":true,"href":"https:\/\/www.guidofriedrich.at\/relneu\/wp-json\/wp\/v2\/comments?post=37"}],"version-history":[{"count":45,"href":"https:\/\/www.guidofriedrich.at\/relneu\/wp-json\/wp\/v2\/pages\/37\/revisions"}],"predecessor-version":[{"id":3150,"href":"https:\/\/www.guidofriedrich.at\/relneu\/wp-json\/wp\/v2\/pages\/37\/revisions\/3150"}],"wp:attachment":[{"href":"https:\/\/www.guidofriedrich.at\/relneu\/wp-json\/wp\/v2\/media?parent=37"}],"curies":[{"name":"wp","href":"https:\/\/api.w.org\/{rel}","templated":true}]}}